{"id":335429,"date":"2024-04-23T15:40:26","date_gmt":"2024-04-23T15:40:26","guid":{"rendered":"http:\/\/aiba.lt\/?page_id=335429"},"modified":"2026-03-13T11:17:34","modified_gmt":"2026-03-13T11:17:34","slug":"forma-stovyklai","status":"publish","type":"page","link":"https:\/\/aiba.lt\/en\/forma-stovyklai\/","title":{"rendered":"Atrankos Forma stovyklai"},"content":{"rendered":"<p>[et_pb_section fb_built=&#8221;1&#8243; disabled_on=&#8221;off|off|off&#8221; _builder_version=&#8221;4.6.0&#8243; _module_preset=&#8221;default&#8221; background_image=&#8221;http:\/\/aiba.lt\/wp-content\/uploads\/2023\/05\/AIBA_Antrankos.psd_1_-scaled.jpg&#8221; custom_padding=&#8221;120px|30px|120px|30px|false|false&#8221; da_disable_devices=&#8221;off|off|off&#8221; border_width_bottom=&#8221;12px&#8221; border_color_bottom=&#8221;#bca479&#8243; da_is_popup=&#8221;off&#8221; da_exit_intent=&#8221;off&#8221; da_has_close=&#8221;on&#8221; da_alt_close=&#8221;off&#8221; da_dark_close=&#8221;off&#8221; da_not_modal=&#8221;on&#8221; da_is_singular=&#8221;off&#8221; da_with_loader=&#8221;off&#8221; da_has_shadow=&#8221;on&#8221;][et_pb_row _builder_version=&#8221;4.6.0&#8243; _module_preset=&#8221;default&#8221; custom_padding=&#8221;|0px||||&#8221; locked=&#8221;off&#8221;][et_pb_column type=&#8221;4_4&#8243; _builder_version=&#8221;4.6.0&#8243; _module_preset=&#8221;default&#8221;][et_pb_image src=&#8221;http:\/\/aiba.lt\/wp-content\/uploads\/2023\/05\/aiba.png&#8221; title_text=&#8221;aiba&#8221; url=&#8221;http:\/\/aiba.lt\/&#8221; align=&#8221;center&#8221; _builder_version=&#8221;4.6.0&#8243; _module_preset=&#8221;default&#8221; width=&#8221;172px&#8221;][\/et_pb_image][et_pb_text _builder_version=&#8221;4.6.0&#8243; _module_preset=&#8221;default&#8221; text_font=&#8221;Montserrata Light||||||||&#8221; text_text_color=&#8221;#ffffff&#8221; text_font_size=&#8221;20px&#8221; text_line_height=&#8221;1.2em&#8221; text_orientation=&#8221;center&#8221; width=&#8221;92.3%&#8221; module_alignment=&#8221;center&#8221; custom_padding=&#8221;34px|2px||||&#8221; locked=&#8221;off&#8221;]<\/p>\n<h2 style=\"text-align: left;\" data-start=\"68\" data-end=\"133\"><span style=\"color: #ffffff; font-size: medium;\"><strong>AIBA Summer Camp 2026 \u2013 Tarptautin\u0117 mergin\u0173 krep\u0161inio stovykla<\/strong><\/span><\/h2>\n<p style=\"text-align: left;\" data-start=\"135\" data-end=\"338\"><span style=\"font-size: medium;\"><strong data-start=\"135\" data-end=\"144\">Data:<\/strong> Pirmoji stovykla: 2026 m. liepos 25-30 d.<\/span><\/p>\n<p style=\"text-align: left;\" data-start=\"135\" data-end=\"338\"><span style=\"font-size: medium;\"><strong data-start=\"135\" data-end=\"144\">Data:<\/strong> Antroji stovykla: 2026 m. rugpj\u016b\u010dio 23-28 d.\u00a0<\/span><\/p>\n<p style=\"text-align: left;\" data-start=\"135\" data-end=\"338\"><span style=\"font-size: medium;\"><strong data-start=\"172\" data-end=\"182\">Vieta:<\/strong> LSC sporto kompleksas \u201eDruskininkai\u201c, M. K. \u010ciurlionio g. 115A, Druskininkai<\/span><br data-start=\"259\" data-end=\"262\" \/><span style=\"color: #ffffff; font-size: medium;\"> <a style=\"color: #ffffff;\" href=\"https:\/\/www.youtube.com\/watch?v=dQtLAKLEwsw\">Per\u017ei\u016br\u0117ti viet\u0105 vaizdo \u012fra\u0161e &#8211; (spausti \u010dia)<\/a><\/span><\/p>\n<p style=\"text-align: left;\" data-start=\"340\" data-end=\"370\"><span style=\"font-size: medium;\"><strong data-start=\"340\" data-end=\"370\">Stovykloje dalyvi\u0173 laukia:<\/strong><\/span><\/p>\n<ul style=\"text-align: left;\" data-start=\"372\" data-end=\"699\">\n<li data-start=\"372\" data-end=\"476\">\n<p data-start=\"374\" data-end=\"476\"><span style=\"font-size: medium;\">Profesionalios treniruot\u0117s su Lietuvos ir u\u017esienio treneriais.<\/span><\/p>\n<\/li>\n<li data-start=\"477\" data-end=\"539\">\n<p data-start=\"479\" data-end=\"539\"><span style=\"font-size: medium;\">FIBA standartus atitinkanti sporto sal\u0117 ir lauko aik\u0161tel\u0117s<\/span><\/p>\n<\/li>\n<li data-start=\"540\" data-end=\"569\">\n<p data-start=\"542\" data-end=\"569\"><span style=\"font-size: medium;\">Dvi treniruot\u0117s per dien\u0105<\/span><\/p>\n<\/li>\n<li data-start=\"570\" data-end=\"633\">\n<p data-start=\"572\" data-end=\"633\"><span style=\"font-size: medium;\">Laisvalaikis: baseinas, tinklinis, futbolas, kitos pramogos<\/span><\/p>\n<\/li>\n<li data-start=\"634\" data-end=\"667\">\n<p data-start=\"636\" data-end=\"667\"><span style=\"font-size: medium;\">Apgyvendinimas sve\u010di\u0173 namuose<\/span><\/p>\n<\/li>\n<li data-start=\"668\" data-end=\"699\">\n<p data-start=\"670\" data-end=\"699\"><span style=\"font-size: medium;\">Maitinimas 3 kartus per dien\u0105<\/span><\/p>\n<\/li>\n<\/ul>\n<p style=\"text-align: left;\" data-start=\"701\" data-end=\"719\"><span style=\"font-size: medium;\"><strong data-start=\"701\" data-end=\"711\">Kaina:<\/strong> 380 Eur<\/span><\/p>\n<p style=\"text-align: left;\" data-start=\"721\" data-end=\"914\"><span style=\"font-size: medium;\"><strong data-start=\"721\" data-end=\"765\">Registracija patvirtinama po apmok\u0117jimo:<\/strong><\/span><br data-start=\"765\" data-end=\"768\" \/><span style=\"font-size: medium;\"> V\u0161\u012e Mergin\u0173 krep\u0161inio centras<\/span><br data-start=\"797\" data-end=\"800\" \/><span style=\"font-size: medium;\"> \u012emon\u0117s kodas: 306082377<\/span><br data-start=\"823\" data-end=\"826\" \/><span style=\"font-size: medium;\"> S\u0105sk. nr.: LT817189900009700563<\/span><br data-start=\"857\" data-end=\"860\" \/><span style=\"font-size: medium;\"> Mok\u0117jimo paskirtis: U\u017e AIBA 2026 m. krep\u0161inio stovykl\u0105<\/span><\/p>\n<p style=\"text-align: left;\" data-start=\"916\" data-end=\"943\" data-is-last-node=\"\" data-is-only-node=\"\"><span style=\"font-size: medium;\"><strong data-start=\"916\" data-end=\"943\" data-is-last-node=\"\">Viet\u0173 skai\u010dius ribotas.<\/strong><\/span><\/p>\n<p style=\"text-align: left;\"><span style=\"font-size: medium;\">Kilus klausimams susisiekite: <strong><a style=\"color: #ffffff;\" href=\"tel:+37069966624\">+370 69514246<\/a><\/strong><span style=\"color: #d9dadb;\">\u00a0<span style=\"color: #fffcfc;\">arba <a style=\"color: #fffcfc;\" href=\"info@aiba.lt\"><strong>info@aiba.lt<\/strong><\/a><\/span><\/span><\/span><\/p>\n<p style=\"text-align: left;\">[\/et_pb_text][\/et_pb_column][\/et_pb_row][\/et_pb_section][et_pb_section fb_built=&#8221;1&#8243; disabled_on=&#8221;off|off|off&#8221; _builder_version=&#8221;4.6.0&#8243; _module_preset=&#8221;default&#8221; background_image=&#8221;http:\/\/aiba.lt\/wp-content\/uploads\/2023\/05\/gradient-1-scaled.jpg&#8221; custom_padding=&#8221;130px|30px|130px|30px|false|false&#8221; da_disable_devices=&#8221;off|off|off&#8221; da_is_popup=&#8221;off&#8221; da_exit_intent=&#8221;off&#8221; da_has_close=&#8221;on&#8221; da_alt_close=&#8221;off&#8221; da_dark_close=&#8221;off&#8221; da_not_modal=&#8221;on&#8221; da_is_singular=&#8221;off&#8221; da_with_loader=&#8221;off&#8221; da_has_shadow=&#8221;on&#8221;][et_pb_row _builder_version=&#8221;4.6.0&#8243; _module_preset=&#8221;default&#8221; width=&#8221;100%&#8221; max_width=&#8221;830px&#8221;][et_pb_column type=&#8221;4_4&#8243; _builder_version=&#8221;4.6.0&#8243; _module_preset=&#8221;default&#8221;][et_pb_text _builder_version=&#8221;4.6.0&#8243; _module_preset=&#8221;default&#8221; hover_enabled=&#8221;0&#8243; sticky_enabled=&#8221;0&#8243;]<\/p>\n<div id=\"ff_preview_header\">\n<div class=\"ff_preview_action\"><div class='fluentform fluentform_wrapper_4'><form data-form_id=\"4\" id=\"fluentform_4\" class=\"frm-fluent-form fluent_form_4 ff-el-form-top ff_form_instance_4_1 ff-form-loading\" data-form_instance=\"ff_form_instance_4_1\" method=\"POST\" ><fieldset style=\"border: none!important;margin: 0!important;padding: 0!important;background-color: transparent!important;\n                                 box-shadow: none!important;outline: none!important;\">\n                    <legend class=\"ff_screen_reader_title\" style=\"margin: 0!important;padding: 0!important;height: 0!important;text-indent: -999999px;width: 0!important;\">AIBA atrankos forma 2<\/legend><input type='hidden' name='__fluent_form_embded_post_id' value='335429' \/><input type=\"hidden\" id=\"_fluentform_4_fluentformnonce\" name=\"_fluentform_4_fluentformnonce\" value=\"b6e7f05e7e\" \/><input type=\"hidden\" name=\"_wp_http_referer\" value=\"\/en\/wp-json\/wp\/v2\/pages\/335429\" \/><div class='ff-el-group'><div class=\"ff-el-input--label ff-el-is-required asterisk-right\"><label  aria-label=\"Stovyklos data\">Stovyklos data<\/label> <\/div><div class='ff-el-input--content'><div class='ff-el-form-check ff-el-form-check-'><label class='ff-el-form-check-label' for=stovyklos_data_b9f4336ec84d38c454dfdba430f3e033><input type=\"radio\" name=\"stovyklos_data\" data-name=\"stovyklos_data\" class=\"ff-el-form-check-input ff-el-form-check-radio\" value=\"Liepos 25-30 d.\"  id='stovyklos_data_b9f4336ec84d38c454dfdba430f3e033' aria-label='Liepos 25-30 d.' aria-invalid='false' aria-required=true> <span>Liepos 25-30 d.<\/span><\/label><\/div><div class='ff-el-form-check ff-el-form-check-'><label class='ff-el-form-check-label' for=stovyklos_data_28127de590b87d61ab32c0b8ef763394><input type=\"radio\" name=\"stovyklos_data\" data-name=\"stovyklos_data\" class=\"ff-el-form-check-input ff-el-form-check-radio\" value=\"Rugpj\u016b\u010dio 23-28 d.\"  id='stovyklos_data_28127de590b87d61ab32c0b8ef763394' aria-label='Rugpj\u016b\u010dio 23-28 d.' aria-invalid='false' aria-required=true> <span>Rugpj\u016b\u010dio 23-28 d.<\/span><\/label><\/div><\/div><\/div><div class=\"ff-el-group ff-el-section-break  ff_left\" data-name=\"section_break-4_1\" ><h3 class='ff-el-section-title'>Stovyklautojas<\/h3><div class='ff-section_break_desk'><\/div><hr \/><\/div><div class='ff-el-group'><div class=\"ff-el-input--label ff-el-is-required asterisk-right\"><label for='ff_4_stovyklautojo_vardas' aria-label=\"Stovyklautojo vardas, pavard\u0117\">Stovyklautojo vardas, pavard\u0117<\/label> <\/div><div class='ff-el-input--content'><input type=\"text\" name=\"stovyklautojo_vardas\" class=\"ff-el-form-control\" data-name=\"stovyklautojo_vardas\" id=\"ff_4_stovyklautojo_vardas\"  aria-invalid=\"false\" aria-required=true><\/div><\/div><div class='ff-el-group'><div class=\"ff-el-input--label ff-el-is-required asterisk-right\"><label for='ff_4_stovyklautojo_gimimodata' aria-label=\"Stovyklautojo gimimo data\">Stovyklautojo gimimo data<\/label> <\/div><div class='ff-el-input--content'><input data-type-datepicker data-format='Y-m-d' type=\"text\" name=\"stovyklautojo_gimimodata\" id=\"ff_4_stovyklautojo_gimimodata\" class=\"ff-el-form-control ff-el-datepicker\" data-name=\"stovyklautojo_gimimodata\"  aria-invalid='false' aria-required=true><\/div><\/div><div class='ff-el-group'><div class=\"ff-el-input--label ff-el-is-required asterisk-right\"><label for='ff_4_stovyklautojo_pilietybe' aria-label=\"Stovyklautojo pilietyb\u0117\">Stovyklautojo pilietyb\u0117<\/label> <\/div><div class='ff-el-input--content'><input type=\"text\" name=\"stovyklautojo_pilietybe\" class=\"ff-el-form-control\" data-name=\"stovyklautojo_pilietybe\" id=\"ff_4_stovyklautojo_pilietybe\"  aria-invalid=\"false\" aria-required=true><\/div><\/div><div class='ff-el-group'><div class=\"ff-el-input--label ff-el-is-required asterisk-right\"><label for='ff_4_stovyklautojo_ugis' aria-label=\"Stovyklautojo \u016bgis\">Stovyklautojo \u016bgis<\/label> <\/div><div class='ff-el-input--content'><input type=\"text\" name=\"stovyklautojo_ugis\" class=\"ff-el-form-control\" data-name=\"stovyklautojo_ugis\" id=\"ff_4_stovyklautojo_ugis\"  aria-invalid=\"false\" aria-required=true><\/div><\/div><div class='ff-el-group'><div class=\"ff-el-input--label ff-el-is-required asterisk-right\"><label for='ff_4_stovyklautojo_aprasymas' aria-label=\"Stovyklautojo fizin\u0117 b\u016bkl\u0117, patirtis krep\u0161inio aik\u0161tel\u0117je\">Stovyklautojo fizin\u0117 b\u016bkl\u0117, patirtis krep\u0161inio aik\u0161tel\u0117je<\/label> <\/div><div class='ff-el-input--content'><textarea aria-invalid=\"false\" aria-required=true name=\"stovyklautojo_aprasymas\" id=\"ff_4_stovyklautojo_aprasymas\" class=\"ff-el-form-control\" rows=\"3\" cols=\"2\" data-name=\"stovyklautojo_aprasymas\" ><\/textarea><\/div><\/div><div class='ff-el-group'><div class=\"ff-el-input--label ff-el-is-required asterisk-right\"><label for='ff_4_stovyklautojo_ligos' aria-label=\"Stovyklautojo ligos sutrikimai, alergijos ar kt. svarbi informacija\">Stovyklautojo ligos sutrikimai, alergijos ar kt. svarbi informacija<\/label> <\/div><div class='ff-el-input--content'><textarea aria-invalid=\"false\" aria-required=true name=\"stovyklautojo_ligos\" id=\"ff_4_stovyklautojo_ligos\" class=\"ff-el-form-control\" rows=\"3\" cols=\"2\" data-name=\"stovyklautojo_ligos\" ><\/textarea><\/div><\/div><div class=\"ff-el-group ff-el-section-break  ff_left\" data-name=\"section_break-4_2\" ><h3 class='ff-el-section-title'>Kontaktai<\/h3><div class='ff-section_break_desk'><\/div><hr \/><\/div><div class='ff-el-group'><div class=\"ff-el-input--label ff-el-is-required asterisk-right\"><label for='ff_4_kontaktinis_vardas' aria-label=\"Kontaktinis vardas, pavard\u0117\">Kontaktinis vardas, pavard\u0117<\/label> <\/div><div class='ff-el-input--content'><input type=\"text\" name=\"kontaktinis_vardas\" class=\"ff-el-form-control\" data-name=\"kontaktinis_vardas\" id=\"ff_4_kontaktinis_vardas\"  aria-invalid=\"false\" aria-required=true><\/div><\/div><div class='ff-el-group'><div class=\"ff-el-input--label ff-el-is-required asterisk-right\"><label for='ff_4_kontaktinis_elpastas' aria-label=\"Kontaktinis el. pa\u0161to adresas\">Kontaktinis el. pa\u0161to adresas<\/label> <\/div><div class='ff-el-input--content'><input type=\"email\" name=\"kontaktinis_elpastas\" id=\"ff_4_kontaktinis_elpastas\" class=\"ff-el-form-control\" data-name=\"kontaktinis_elpastas\"  aria-invalid=\"false\" aria-required=true><\/div><\/div><div class='ff-el-group'><div class=\"ff-el-input--label asterisk-right\"><label for='ff_4_kontaktinis_mokykla' aria-label=\"Atstovaujan\u010dios sporto mokyklos pavadinimas (neb\u016btina)\">Atstovaujan\u010dios sporto mokyklos pavadinimas (neb\u016btina)<\/label> <\/div><div class='ff-el-input--content'><input type=\"text\" name=\"kontaktinis_mokykla\" class=\"ff-el-form-control\" data-name=\"kontaktinis_mokykla\" id=\"ff_4_kontaktinis_mokykla\"  aria-invalid=\"false\" aria-required=false><\/div><\/div><div class='ff-el-group'><div class=\"ff-el-input--label ff-el-is-required asterisk-right\"><label for='ff_4_phone_4' aria-label=\"Kontaktinis telefono numeris\">Kontaktinis telefono numeris<\/label> <\/div><div class='ff-el-input--content'><input name=\"phone_4\" class=\"ff-el-form-control ff-el-phone\" type=\"tel\" placeholder=\"(0-612) 34567\" data-name=\"phone_4\" id=\"ff_4_phone_4\" inputmode=\"tel\" ><\/div><\/div><div class='ff-el-group    ff-el-input--content'><div class='ff-el-form-check ff-el-tc'><label aria-label='terms & conditions' class='ff-el-form-check-label ff_tc_label' for=kontaktinis_galiojasveikata_973dc5514c78ffefe037582de00f46c4><span class='ff_tc_checkbox'><input type=\"checkbox\" name=\"kontaktinis_galiojasveikata\" class=\"ff-el-form-check-input\" data-name=\"kontaktinis_galiojasveikata\" id=\"kontaktinis_galiojasveikata_973dc5514c78ffefe037582de00f46c4\"  value='on' aria-invalid='false' aria-required=true><\/span> <div class='ff_t_c'><div>Patvirtinu, kad stovyklautojas \u012f stovykl\u0105 bus priimtas tik su galiojan\u010diu sveikatos pa\u017eym\u0117jimu<\/div><\/div><\/label><\/div><\/div><div class='ff-el-group    ff-el-input--content'><div class='ff-el-form-check ff-el-tc'><label aria-label='terms & conditions' class='ff-el-form-check-label ff_tc_label' for=kontaktinis_avansinismokejimas_c9e91a4bae657d505479dcab90ca8382><span class='ff_tc_checkbox'><input type=\"checkbox\" name=\"kontaktinis_avansinismokejimas\" class=\"ff-el-form-check-input\" data-name=\"kontaktinis_avansinismokejimas\" id=\"kontaktinis_avansinismokejimas_c9e91a4bae657d505479dcab90ca8382\"  value='on' aria-invalid='false' aria-required=true><\/span> <div class='ff_t_c'><div>Patvirtinu, kad stovyklautojo registracija bus laikoma s\u0117kminga tik atlikus avansin\u012f mok\u0117jim\u0105<\/div><\/div><\/label><\/div><\/div><div class='ff-el-group ff-text-left ff_submit_btn_wrapper'><button type=\"submit\" class=\"ff-btn ff-btn-submit ff-btn-md ff_btn_style\" >Registruotis<\/button><\/div><\/fieldset><\/form><div id='fluentform_4_errors' class='ff-errors-in-stack ff_form_instance_4_1 ff-form-loading_errors ff_form_instance_4_1_errors'><\/div><\/div>        <script type=\"text\/javascript\">\n            window.fluent_form_ff_form_instance_4_1 = {\"id\":\"4\",\"settings\":{\"layout\":{\"labelPlacement\":\"top\",\"helpMessagePlacement\":\"with_label\",\"errorMessagePlacement\":\"inline\",\"cssClassName\":\"\",\"asteriskPlacement\":\"asterisk-right\"},\"restrictions\":{\"denyEmptySubmission\":{\"enabled\":false}}},\"form_instance\":\"ff_form_instance_4_1\",\"form_id_selector\":\"fluentform_4\",\"rules\":{\"stovyklos_data\":{\"required\":{\"value\":true,\"message\":\"This field is required\"}},\"stovyklautojo_vardas\":{\"required\":{\"value\":true,\"message\":\"B\\u016btinas laukelis\"}},\"stovyklautojo_gimimodata\":{\"required\":{\"value\":true,\"message\":\"B\\u016btinas laukelis\"}},\"stovyklautojo_pilietybe\":{\"required\":{\"value\":true,\"message\":\"B\\u016btinas laukelis\"}},\"stovyklautojo_ugis\":{\"required\":{\"value\":true,\"message\":\"B\\u016btinas laukelis\"}},\"stovyklautojo_aprasymas\":{\"required\":{\"value\":true,\"message\":\"B\\u016btinas laukelis\"}},\"stovyklautojo_ligos\":{\"required\":{\"value\":true,\"message\":\"B\\u016btinas laukelis\"}},\"kontaktinis_vardas\":{\"required\":{\"value\":true,\"message\":\"B\\u016btinas laukelis\"}},\"kontaktinis_elpastas\":{\"required\":{\"value\":true,\"message\":\"B\\u016btinas laukelis\"},\"email\":{\"value\":false,\"message\":\"This field must contain a valid email\"}},\"kontaktinis_mokykla\":{\"required\":{\"value\":false,\"message\":\"B\\u016btinas laukelis\"}},\"phone_4\":{\"required\":{\"value\":true,\"message\":\"This field is required\"},\"valid_phone_number\":{\"value\":false,\"message\":\"Phone number is not valid\"}},\"kontaktinis_galiojasveikata\":{\"required\":{\"value\":true,\"message\":\"This field is required\"}},\"kontaktinis_avansinismokejimas\":{\"required\":{\"value\":true,\"message\":\"This field is required\"}}}};\n                    <\/script>\n        <\/div>\n<\/div>\n<p>[\/et_pb_text][\/et_pb_column][\/et_pb_row][\/et_pb_section]<\/p>\n","protected":false},"excerpt":{"rendered":"<p>[et_pb_section fb_built=&#8221;1&#8243; disabled_on=&#8221;off|off|off&#8221; _builder_version=&#8221;4.6.0&#8243; _module_preset=&#8221;default&#8221; background_image=&#8221;http:\/\/aiba.lt\/wp-content\/uploads\/2023\/05\/AIBA_Antrankos.psd_1_-scaled.jpg&#8221; custom_padding=&#8221;120px|30px|120px|30px|false|false&#8221; da_disable_devices=&#8221;off|off|off&#8221; border_width_bottom=&#8221;12px&#8221; border_color_bottom=&#8221;#bca479&#8243; da_is_popup=&#8221;off&#8221; da_exit_intent=&#8221;off&#8221; da_has_close=&#8221;on&#8221; da_alt_close=&#8221;off&#8221; da_dark_close=&#8221;off&#8221; da_not_modal=&#8221;on&#8221; da_is_singular=&#8221;off&#8221; da_with_loader=&#8221;off&#8221; da_has_shadow=&#8221;on&#8221;][et_pb_row _builder_version=&#8221;4.6.0&#8243; _module_preset=&#8221;default&#8221; custom_padding=&#8221;|0px||||&#8221; locked=&#8221;off&#8221;][et_pb_column type=&#8221;4_4&#8243; _builder_version=&#8221;4.6.0&#8243; _module_preset=&#8221;default&#8221;][et_pb_image src=&#8221;http:\/\/aiba.lt\/wp-content\/uploads\/2023\/05\/aiba.png&#8221; title_text=&#8221;aiba&#8221; url=&#8221;http:\/\/aiba.lt\/&#8221; align=&#8221;center&#8221; _builder_version=&#8221;4.6.0&#8243; _module_preset=&#8221;default&#8221; width=&#8221;172px&#8221;][\/et_pb_image][et_pb_text _builder_version=&#8221;4.6.0&#8243; _module_preset=&#8221;default&#8221; text_font=&#8221;Montserrata Light||||||||&#8221; text_text_color=&#8221;#ffffff&#8221; text_font_size=&#8221;20px&#8221; text_line_height=&#8221;1.2em&#8221; text_orientation=&#8221;center&#8221; width=&#8221;92.3%&#8221; module_alignment=&#8221;center&#8221; custom_padding=&#8221;34px|2px||||&#8221; locked=&#8221;off&#8221;] AIBA Summer Camp 2026 \u2013 Tarptautin\u0117 mergin\u0173 krep\u0161inio stovykla Data: [&hellip;]<\/p>\n","protected":false},"author":2,"featured_media":0,"parent":0,"menu_order":0,"comment_status":"closed","ping_status":"closed","template":"","meta":{"_et_pb_use_builder":"on","_et_pb_old_content":"","_et_gb_content_width":"","footnotes":""},"_links":{"self":[{"href":"https:\/\/aiba.lt\/en\/wp-json\/wp\/v2\/pages\/335429"}],"collection":[{"href":"https:\/\/aiba.lt\/en\/wp-json\/wp\/v2\/pages"}],"about":[{"href":"https:\/\/aiba.lt\/en\/wp-json\/wp\/v2\/types\/page"}],"author":[{"embeddable":true,"href":"https:\/\/aiba.lt\/en\/wp-json\/wp\/v2\/users\/2"}],"replies":[{"embeddable":true,"href":"https:\/\/aiba.lt\/en\/wp-json\/wp\/v2\/comments?post=335429"}],"version-history":[{"count":59,"href":"https:\/\/aiba.lt\/en\/wp-json\/wp\/v2\/pages\/335429\/revisions"}],"predecessor-version":[{"id":335622,"href":"https:\/\/aiba.lt\/en\/wp-json\/wp\/v2\/pages\/335429\/revisions\/335622"}],"wp:attachment":[{"href":"https:\/\/aiba.lt\/en\/wp-json\/wp\/v2\/media?parent=335429"}],"curies":[{"name":"wp","href":"https:\/\/api.w.org\/{rel}","templated":true}]}}