{"id":630,"date":"2023-05-30T09:09:06","date_gmt":"2023-05-30T09:09:06","guid":{"rendered":"http:\/\/aiba.lt\/?page_id=630"},"modified":"2023-11-16T07:53:25","modified_gmt":"2023-11-16T07:53:25","slug":"infrastruktura","status":"publish","type":"page","link":"https:\/\/aiba.lt\/en\/infrastruktura\/","title":{"rendered":"Infrastructure"},"content":{"rendered":"<p>[et_pb_section fb_built=&#8221;1&#8243; specialty=&#8221;on&#8221; disabled_on=&#8221;on|on|off&#8221; _builder_version=&#8221;4.6.0&#8243; _module_preset=&#8221;default&#8221; background_image=&#8221;http:\/\/aiba.lt\/wp-content\/uploads\/2022\/12\/adman-bg-gold3.jpg&#8221; custom_padding=&#8221;3px||4px|||&#8221; box_shadow_style=&#8221;preset3&#8243; box_shadow_blur=&#8221;23px&#8221; box_shadow_spread=&#8221;-9px&#8221; box_shadow_color=&#8221;rgba(0,0,0,0.12)&#8221;][et_pb_column type=&#8221;1_3&#8243; _builder_version=&#8221;3.25&#8243; custom_padding=&#8221;|||&#8221; custom_padding__hover=&#8221;|||&#8221;][et_pb_image src=&#8221;http:\/\/aiba.lt\/wp-content\/uploads\/2023\/05\/Infrastruktura-LT.png&#8221; title_text=&#8221;Infrastruktura-LT&#8221; _builder_version=&#8221;4.6.0&#8243; _module_preset=&#8221;default&#8221; width=&#8221;100%&#8221;][\/et_pb_image][\/et_pb_column][et_pb_column type=&#8221;2_3&#8243; specialty_columns=&#8221;2&#8243; _builder_version=&#8221;3.25&#8243; custom_padding=&#8221;|||&#8221; custom_padding__hover=&#8221;|||&#8221;][et_pb_row_inner _builder_version=&#8221;4.6.0&#8243; _module_preset=&#8221;default&#8221; custom_padding=&#8221;63px|||||&#8221;][et_pb_column_inner saved_specialty_column_type=&#8221;2_3&#8243; _builder_version=&#8221;4.6.0&#8243; _module_preset=&#8221;default&#8221;][dnxte_button button_text=&#8221;Gr\u012f\u017eti&#8221; button_link=&#8221;http:\/\/aiba.lt&#8221; dnxt_button_alignment=&#8221;right&#8221; btn_show_hide=&#8221;off&#8221; dnxt_hover_2d=&#8221;dnxt-hover-shrink&#8221; dnxt_hover_bg_color=&#8221;#9e7f3c&#8221; _builder_version=&#8221;4.6.0&#8243; _module_preset=&#8221;default&#8221; btn_fonts_font=&#8221;Montserrata regular||||||||&#8221; btn_fonts_text_color=&#8221;#ffffff&#8221; btn_fonts_font_size=&#8221;16px&#8221; background_color=&#8221;#275e3c&#8221; custom_margin=&#8221;||||false|false&#8221; custom_padding=&#8221;2px|20px|2px|20px|false|false&#8221; border_radii_btn_border=&#8221;on|55px|55px|55px|55px&#8221;][\/dnxte_button][\/et_pb_column_inner][\/et_pb_row_inner][\/et_pb_column][\/et_pb_section][et_pb_section fb_built=&#8221;1&#8243; disabled_on=&#8221;off|off|on&#8221; _builder_version=&#8221;4.6.0&#8243; _module_preset=&#8221;default&#8221; custom_padding=&#8221;1px||5px|||&#8221;][et_pb_row _builder_version=&#8221;4.6.0&#8243; _module_preset=&#8221;default&#8221; custom_padding=&#8221;||13px|||&#8221;][et_pb_column type=&#8221;4_4&#8243; _builder_version=&#8221;4.6.0&#8243; _module_preset=&#8221;default&#8221;][et_pb_menu menu_id=&#8221;11&#8243; active_link_color=&#8221;#1a1a1a&#8221; dropdown_menu_line_color=&#8221;rgba(0,0,0,0)&#8221; mobile_menu_bg_color=&#8221;#ffffff&#8221; mobile_menu_text_color=&#8221;#1a1a1a&#8221; logo=&#8221;http:\/\/aiba.lt\/wp-content\/uploads\/2023\/05\/Infrastruktura-LT.png&#8221; logo_url=&#8221;aiba.lt&#8221; menu_icon_color=&#8221;#275e3c&#8221; logo_max_width_tablet=&#8221;65%&#8221; logo_max_width_phone=&#8221;70%&#8221; logo_max_width_last_edited=&#8221;on|tablet&#8221; _builder_version=&#8221;4.6.0&#8243; _module_preset=&#8221;default&#8221; menu_font=&#8221;Montserrata regular|||||on|||&#8221; menu_text_color=&#8221;#1a1a1a&#8221; background_enable_color=&#8221;off&#8221;][\/et_pb_menu][\/et_pb_column][\/et_pb_row][\/et_pb_section][et_pb_section fb_built=&#8221;1&#8243; disabled_on=&#8221;off|off|on&#8221; _builder_version=&#8221;4.6.0&#8243; _module_preset=&#8221;default&#8221; custom_padding=&#8221;||10px|||&#8221;][et_pb_row _builder_version=&#8221;4.6.0&#8243; _module_preset=&#8221;default&#8221;][et_pb_column type=&#8221;4_4&#8243; _builder_version=&#8221;4.6.0&#8243; _module_preset=&#8221;default&#8221;][et_pb_text _builder_version=&#8221;4.6.0&#8243; _module_preset=&#8221;default&#8221; text_font=&#8221;Montserrata regular|||||on|||&#8221; text_text_color=&#8221;#1a1a1a&#8221; text_font_size=&#8221;30px&#8221; text_line_height=&#8221;1.2em&#8221; width=&#8221;100%&#8221; module_alignment=&#8221;center&#8221; custom_margin=&#8221;||15px|||&#8221;]<\/p>\n<p>Akademinis miestelis ir treniruo\u010di\u0173 kompleksas<br style=\"font-weight: 400;\" \/><\/p>\n<p>[\/et_pb_text][et_pb_image src=&#8221;http:\/\/aiba.lt\/wp-content\/uploads\/2023\/09\/Screenshot-2023-08-31-at-14.31.59-1.png&#8221; title_text=&#8221;Screenshot 2023-08-31 at 14.31.59&#8243; _builder_version=&#8221;4.6.0&#8243; _module_preset=&#8221;default&#8221;][\/et_pb_image][et_pb_text _builder_version=&#8221;4.6.0&#8243; _module_preset=&#8221;default&#8221; text_font=&#8221;Montserrata Light||||||||&#8221; text_text_color=&#8221;#1a1a1a&#8221; text_font_size=&#8221;20px&#8221; text_line_height=&#8221;1.2em&#8221; width=&#8221;100%&#8221; module_alignment=&#8221;left&#8221; custom_margin=&#8221;||71px|||&#8221;]<\/p>\n<p><span style=\"font-weight: 400;\">Akademijos miestelis ir treniruo\u010di\u0173 kompleksas yra seniausiame Lietuvos kurortiniame mieste Druskininkuose. Mokin\u0117s treniruojasi naujausiame Baltijos \u0161ali\u0173 sporto komplekse, atitinkan\u010diame tarptautinius olimpinius standartus. Merginos gali naudotis visomis komplekso treniruo\u010di\u0173 ir laisvalaikio patalpomis.<\/span><br style=\"font-weight: 400;\" \/><\/p>\n<p>[\/et_pb_text][dnxte_image_reveal dnext_img_reveal=&#8221;http:\/\/aiba.lt\/wp-content\/uploads\/2023\/09\/photo2.jpeg&#8221; dnext_single_color=&#8221;#275e3c&#8221; _builder_version=&#8221;4.6.0&#8243; _module_preset=&#8221;default&#8221; custom_margin=&#8221;|0px||||&#8221; custom_padding=&#8221;||0px|||&#8221;][\/dnxte_image_reveal][et_pb_text _builder_version=&#8221;4.6.0&#8243; _module_preset=&#8221;default&#8221; text_font=&#8221;Montserrata regular|||||on|||&#8221; text_text_color=&#8221;#1a1a1a&#8221; text_font_size=&#8221;30px&#8221; text_line_height=&#8221;1.2em&#8221; width=&#8221;100%&#8221; module_alignment=&#8221;left&#8221; custom_margin=&#8221;84px||14px|||&#8221;]<\/p>\n<p>Mokini\u0173 apgyvendinimas<\/p>\n<p>[\/et_pb_text][et_pb_text _builder_version=&#8221;4.6.0&#8243; _module_preset=&#8221;default&#8221; text_font=&#8221;Montserrata Light||||||||&#8221; text_text_color=&#8221;#1a1a1a&#8221; text_font_size=&#8221;20px&#8221; text_line_height=&#8221;1.2em&#8221; width=&#8221;100%&#8221; module_alignment=&#8221;left&#8221;]<\/p>\n<p><span style=\"font-weight: 400;\">Privatus bendrabutis yra sporto komplekso dalis. Dvi moksleiv\u0117s dalijasi vienu kambariu, priva\u010diu vonios kambariu ir virtuve. Visos merginos gyvena ir mokosi kartu, dalijasi bendra erdve, valgykla ir kitomis laisvalaikio zonomis komplekse.<\/span><\/p>\n<p>[\/et_pb_text][dnxte_image_reveal dnext_img_reveal=&#8221;http:\/\/aiba.lt\/wp-content\/uploads\/2023\/09\/photo1.jpeg&#8221; dnext_single_color=&#8221;#275e3c&#8221; _builder_version=&#8221;4.6.0&#8243; _module_preset=&#8221;default&#8221; module_alignment=&#8221;left&#8221; custom_margin=&#8221;|||2px||&#8221;][\/dnxte_image_reveal][et_pb_text _builder_version=&#8221;4.6.0&#8243; _module_preset=&#8221;default&#8221; text_font=&#8221;Montserrata regular|||||on|||&#8221; text_text_color=&#8221;#1a1a1a&#8221; text_font_size=&#8221;30px&#8221; text_line_height=&#8221;1.2em&#8221; width=&#8221;100%&#8221; module_alignment=&#8221;left&#8221; custom_margin=&#8221;83px||14px||false|false&#8221; custom_padding=&#8221;|||0px|false|false&#8221;]<\/p>\n<p>U\u017etikriname saugi\u0105 gyvenam\u0105j\u0105 aplink\u0105<\/p>\n<p>[\/et_pb_text][et_pb_text _builder_version=&#8221;4.6.0&#8243; _module_preset=&#8221;default&#8221; text_font=&#8221;Montserrata Light||||||||&#8221; text_text_color=&#8221;#1a1a1a&#8221; text_font_size=&#8221;20px&#8221; text_line_height=&#8221;1.2em&#8221; width=&#8221;100%&#8221; module_alignment=&#8221;left&#8221; custom_padding=&#8221;|||0px|false|false&#8221;]<\/p>\n<p><span style=\"font-weight: 400;\">Sporto komplekso teritorija saugoma vis\u0105 par\u0105. Moksleiv\u0117s yra saugios ir gali laisvai lankytis treniruo\u010di\u0173 patalpose ankstyvu ir v\u0117lyvu paros metu. Taip pat, m\u016bs\u0173 mokin\u0117ms u\u017etikriname asmenines transportavimo paslaugas.<\/span><\/p>\n<p>[\/et_pb_text][\/et_pb_column][\/et_pb_row][et_pb_row _builder_version=&#8221;4.6.0&#8243; _module_preset=&#8221;default&#8221;][et_pb_column type=&#8221;4_4&#8243; _builder_version=&#8221;4.6.0&#8243; _module_preset=&#8221;default&#8221;][dnxte_masonary gallery_ids=&#8221;335260,335258,333340,333338,333339,198,333341,197,193,196,335285,335284,202,203,201&#8243; dnxte_columns=&#8221;2&#8243; dnxte_columns_tablet=&#8221;&#8221; dnxte_columns_phone=&#8221;1&#8243; dnxte_columns_last_edited=&#8221;on|desktop&#8221; _builder_version=&#8221;4.6.0&#8243; _module_preset=&#8221;default&#8221;][\/dnxte_masonary][\/et_pb_column][\/et_pb_row][\/et_pb_section][et_pb_section fb_built=&#8221;1&#8243; disabled_on=&#8221;on|on|off&#8221; _builder_version=&#8221;4.6.0&#8243; _module_preset=&#8221;default&#8221;][et_pb_row _builder_version=&#8221;4.6.0&#8243; _module_preset=&#8221;default&#8221; custom_padding=&#8221;52px|||||&#8221;][et_pb_column type=&#8221;4_4&#8243; _builder_version=&#8221;4.6.0&#8243; _module_preset=&#8221;default&#8221;][et_pb_image src=&#8221;http:\/\/aiba.lt\/wp-content\/uploads\/2023\/09\/Screenshot-2023-08-31-at-14.31.59.png&#8221; title_text=&#8221;Screenshot-2023-08-31-at-14.31.59&#8243; _builder_version=&#8221;4.6.0&#8243; _module_preset=&#8221;default&#8221;][\/et_pb_image][et_pb_text _builder_version=&#8221;4.6.0&#8243; _module_preset=&#8221;default&#8221; text_font=&#8221;Montserrata regular|||||on|||&#8221; text_text_color=&#8221;#1a1a1a&#8221; text_font_size=&#8221;30px&#8221; text_line_height=&#8221;1.2em&#8221; width=&#8221;100%&#8221; module_alignment=&#8221;center&#8221; custom_margin=&#8221;||15px|||&#8221; hover_enabled=&#8221;0&#8243; sticky_enabled=&#8221;0&#8243;]<\/p>\n<p>Akademinis miestelis ir treniruo\u010di\u0173 kompleksas Druskininkuose<\/p>\n<p>[\/et_pb_text][et_pb_text _builder_version=&#8221;4.6.0&#8243; _module_preset=&#8221;default&#8221; text_font=&#8221;Montserrata Light||||||||&#8221; text_text_color=&#8221;#1a1a1a&#8221; text_font_size=&#8221;20px&#8221; text_line_height=&#8221;1.2em&#8221; width=&#8221;81%&#8221; module_alignment=&#8221;left&#8221; custom_margin=&#8221;||71px|||&#8221;]<\/p>\n<p>Akademija \u012fkurta glaud\u017eiai bendradarbiaujant su Druskinink\u0173 miesto savivaldybe, o akademijos miestelis yra \u012fsik\u016br\u0119s tarptautinius olimpinius standartus atitinkan\u010diame LSC sporto komplekse \u201eDruskininkai\u201c. Merginos gali naudotis visomis komplekso treniruo\u010di\u0173 ir laisvalaikio patalpomis.<\/p>\n<p>[\/et_pb_text][\/et_pb_column][\/et_pb_row][et_pb_row column_structure=&#8221;1_2,1_2&#8243; _builder_version=&#8221;4.6.0&#8243; _module_preset=&#8221;default&#8221; width=&#8221;90%&#8221; max_width=&#8221;1273px&#8221; custom_margin=&#8221;71px|auto||auto||&#8221;][et_pb_column type=&#8221;1_2&#8243; _builder_version=&#8221;4.6.0&#8243; _module_preset=&#8221;default&#8221;][dnxte_image_reveal dnext_img_reveal=&#8221;http:\/\/aiba.lt\/wp-content\/uploads\/2023\/09\/photo2.jpeg&#8221; dnext_single_color=&#8221;#275e3c&#8221; _builder_version=&#8221;4.6.0&#8243; _module_preset=&#8221;default&#8221; custom_margin=&#8221;|0px||||&#8221; custom_padding=&#8221;||0px|||&#8221;][\/dnxte_image_reveal][\/et_pb_column][et_pb_column type=&#8221;1_2&#8243; _builder_version=&#8221;4.6.0&#8243; _module_preset=&#8221;default&#8221;][et_pb_text _builder_version=&#8221;4.6.0&#8243; _module_preset=&#8221;default&#8221; text_font=&#8221;Montserrata regular|||||on|||&#8221; text_text_color=&#8221;#1a1a1a&#8221; text_font_size=&#8221;30px&#8221; text_line_height=&#8221;1.2em&#8221; width=&#8221;81%&#8221; module_alignment=&#8221;left&#8221; custom_margin=&#8221;181px||14px|||&#8221;]<\/p>\n<p>Mokini\u0173 apgyvendinimas<\/p>\n<p>[\/et_pb_text][et_pb_text _builder_version=&#8221;4.6.0&#8243; _module_preset=&#8221;default&#8221; text_font=&#8221;Montserrata Light||||||||&#8221; text_text_color=&#8221;#1a1a1a&#8221; text_font_size=&#8221;20px&#8221; text_line_height=&#8221;1.2em&#8221; width=&#8221;75%&#8221; module_alignment=&#8221;left&#8221;]<\/p>\n<p><span style=\"font-weight: 400;\">Privatus bendrabutis yra sporto komplekso dalis. Dvi moksleiv\u0117s dalijasi vienu kambariu, priva\u010diu vonios kambariu ir virtuve. Visos merginos gyvena ir mokosi kartu, dalijasi bendra erdve, valgykla ir kitomis laisvalaikio zonomis komplekse.<\/span><br style=\"font-weight: 400;\" \/><\/p>\n<p>[\/et_pb_text][\/et_pb_column][\/et_pb_row][et_pb_row column_structure=&#8221;1_2,1_2&#8243; _builder_version=&#8221;4.6.0&#8243; _module_preset=&#8221;default&#8221; width=&#8221;90%&#8221; max_width=&#8221;1273px&#8221; custom_margin=&#8221;71px|auto||auto||&#8221;][et_pb_column type=&#8221;1_2&#8243; _builder_version=&#8221;4.6.0&#8243; _module_preset=&#8221;default&#8221;][et_pb_text _builder_version=&#8221;4.6.0&#8243; _module_preset=&#8221;default&#8221; text_font=&#8221;Montserrata regular|||||on|||&#8221; text_text_color=&#8221;#1a1a1a&#8221; text_font_size=&#8221;30px&#8221; text_line_height=&#8221;1.2em&#8221; width=&#8221;90%&#8221; module_alignment=&#8221;left&#8221; custom_margin=&#8221;181px||14px||false|false&#8221; custom_padding=&#8221;|||60px|false|false&#8221;]<\/p>\n<p>U\u017etikriname saugi\u0105 gyvenam\u0105j\u0105 aplink\u0105<\/p>\n<p>[\/et_pb_text][et_pb_text _builder_version=&#8221;4.6.0&#8243; _module_preset=&#8221;default&#8221; text_font=&#8221;Montserrata Light||||||||&#8221; text_text_color=&#8221;#1a1a1a&#8221; text_font_size=&#8221;20px&#8221; text_line_height=&#8221;1.2em&#8221; width=&#8221;92%&#8221; module_alignment=&#8221;left&#8221; custom_padding=&#8221;|||60px|false|false&#8221;]<\/p>\n<p><span style=\"font-weight: 400;\">Sporto komplekso teritorija saugoma vis\u0105 par\u0105. Moksleiv\u0117s yra saugios ir gali laisvai lankytis treniruo\u010di\u0173 patalpose ankstyvu ir v\u0117lyvu paros metu. Taip pat, m\u016bs\u0173 mokin\u0117ms u\u017etikriname asmenines transportavimo paslaugas.<\/span><br style=\"font-weight: 400;\" \/><\/p>\n<p>[\/et_pb_text][\/et_pb_column][et_pb_column type=&#8221;1_2&#8243; _builder_version=&#8221;4.6.0&#8243; _module_preset=&#8221;default&#8221;][dnxte_image_reveal dnext_img_reveal=&#8221;http:\/\/aiba.lt\/wp-content\/uploads\/2023\/09\/photo1.jpeg&#8221; dnext_single_color=&#8221;#275e3c&#8221; _builder_version=&#8221;4.6.0&#8243; _module_preset=&#8221;default&#8221; module_alignment=&#8221;left&#8221; custom_margin=&#8221;|||2px||&#8221;][\/dnxte_image_reveal][\/et_pb_column][\/et_pb_row][et_pb_row _builder_version=&#8221;4.6.0&#8243; _module_preset=&#8221;default&#8221;][et_pb_column type=&#8221;4_4&#8243; _builder_version=&#8221;4.6.0&#8243; _module_preset=&#8221;default&#8221;][dnxte_masonary gallery_ids=&#8221;335260,335258,333340,333338,333339,198,333341,197,193,196,335285,335284,202,203,201&#8243; dnxte_columns=&#8221;2&#8243; dnxte_columns_tablet=&#8221;&#8221; dnxte_columns_phone=&#8221;1&#8243; dnxte_columns_last_edited=&#8221;on|desktop&#8221; _builder_version=&#8221;4.6.0&#8243; _module_preset=&#8221;default&#8221;][\/dnxte_masonary][\/et_pb_column][\/et_pb_row][\/et_pb_section][et_pb_section fb_built=&#8221;1&#8243; _builder_version=&#8221;4.6.0&#8243; _module_preset=&#8221;default&#8221; background_image=&#8221;http:\/\/aiba.lt\/wp-content\/uploads\/2023\/11\/Miestas2-2-1.jpg&#8221;][et_pb_row _builder_version=&#8221;4.6.0&#8243; _module_preset=&#8221;default&#8221; custom_padding=&#8221;97px||87px|||&#8221;][et_pb_column type=&#8221;4_4&#8243; _builder_version=&#8221;4.6.0&#8243; _module_preset=&#8221;default&#8221;][\/et_pb_column][\/et_pb_row][\/et_pb_section][et_pb_section fb_built=&#8221;1&#8243; _builder_version=&#8221;4.6.0&#8243; _module_preset=&#8221;default&#8221; width_tablet=&#8221;&#8221; width_phone=&#8221;100%&#8221; width_last_edited=&#8221;on|phone&#8221; max_width=&#8221;100%&#8221;][\/et_pb_section]<\/p>\n","protected":false},"excerpt":{"rendered":"<p>[et_pb_section fb_built=&#8221;1&#8243; specialty=&#8221;on&#8221; disabled_on=&#8221;on|on|off&#8221; _builder_version=&#8221;4.6.0&#8243; _module_preset=&#8221;default&#8221; background_image=&#8221;http:\/\/aiba.lt\/wp-content\/uploads\/2022\/12\/adman-bg-gold3.jpg&#8221; custom_padding=&#8221;3px||4px|||&#8221; box_shadow_style=&#8221;preset3&#8243; box_shadow_blur=&#8221;23px&#8221; box_shadow_spread=&#8221;-9px&#8221; box_shadow_color=&#8221;rgba(0,0,0,0.12)&#8221;][et_pb_column type=&#8221;1_3&#8243; _builder_version=&#8221;3.25&#8243; custom_padding=&#8221;|||&#8221; custom_padding__hover=&#8221;|||&#8221;][et_pb_image src=&#8221;http:\/\/aiba.lt\/wp-content\/uploads\/2023\/05\/Infrastruktura-LT.png&#8221; title_text=&#8221;Infrastruktura-LT&#8221; _builder_version=&#8221;4.6.0&#8243; _module_preset=&#8221;default&#8221; width=&#8221;100%&#8221;][\/et_pb_image][\/et_pb_column][et_pb_column type=&#8221;2_3&#8243; specialty_columns=&#8221;2&#8243; _builder_version=&#8221;3.25&#8243; custom_padding=&#8221;|||&#8221; custom_padding__hover=&#8221;|||&#8221;][et_pb_row_inner _builder_version=&#8221;4.6.0&#8243; _module_preset=&#8221;default&#8221; custom_padding=&#8221;63px|||||&#8221;][et_pb_column_inner saved_specialty_column_type=&#8221;2_3&#8243; _builder_version=&#8221;4.6.0&#8243; _module_preset=&#8221;default&#8221;][dnxte_button button_text=&#8221;Gr\u012f\u017eti&#8221; button_link=&#8221;http:\/\/aiba.lt&#8221; dnxt_button_alignment=&#8221;right&#8221; btn_show_hide=&#8221;off&#8221; dnxt_hover_2d=&#8221;dnxt-hover-shrink&#8221; dnxt_hover_bg_color=&#8221;#9e7f3c&#8221; _builder_version=&#8221;4.6.0&#8243; _module_preset=&#8221;default&#8221; btn_fonts_font=&#8221;Montserrata regular||||||||&#8221; btn_fonts_text_color=&#8221;#ffffff&#8221; btn_fonts_font_size=&#8221;16px&#8221; background_color=&#8221;#275e3c&#8221; custom_margin=&#8221;||||false|false&#8221; custom_padding=&#8221;2px|20px|2px|20px|false|false&#8221; border_radii_btn_border=&#8221;on|55px|55px|55px|55px&#8221;][\/dnxte_button][\/et_pb_column_inner][\/et_pb_row_inner][\/et_pb_column][\/et_pb_section][et_pb_section fb_built=&#8221;1&#8243; disabled_on=&#8221;off|off|on&#8221; _builder_version=&#8221;4.6.0&#8243; _module_preset=&#8221;default&#8221; custom_padding=&#8221;1px||5px|||&#8221;][et_pb_row _builder_version=&#8221;4.6.0&#8243; _module_preset=&#8221;default&#8221; [&hellip;]<\/p>\n","protected":false},"author":1,"featured_media":0,"parent":0,"menu_order":0,"comment_status":"closed","ping_status":"closed","template":"","meta":{"_et_pb_use_builder":"on","_et_pb_old_content":"","_et_gb_content_width":"","footnotes":""},"_links":{"self":[{"href":"https:\/\/aiba.lt\/en\/wp-json\/wp\/v2\/pages\/630"}],"collection":[{"href":"https:\/\/aiba.lt\/en\/wp-json\/wp\/v2\/pages"}],"about":[{"href":"https:\/\/aiba.lt\/en\/wp-json\/wp\/v2\/types\/page"}],"author":[{"embeddable":true,"href":"https:\/\/aiba.lt\/en\/wp-json\/wp\/v2\/users\/1"}],"replies":[{"embeddable":true,"href":"https:\/\/aiba.lt\/en\/wp-json\/wp\/v2\/comments?post=630"}],"version-history":[{"count":21,"href":"https:\/\/aiba.lt\/en\/wp-json\/wp\/v2\/pages\/630\/revisions"}],"predecessor-version":[{"id":335405,"href":"https:\/\/aiba.lt\/en\/wp-json\/wp\/v2\/pages\/630\/revisions\/335405"}],"wp:attachment":[{"href":"https:\/\/aiba.lt\/en\/wp-json\/wp\/v2\/media?parent=630"}],"curies":[{"name":"wp","href":"https:\/\/api.w.org\/{rel}","templated":true}]}}