{"id":637,"date":"2023-05-30T09:12:54","date_gmt":"2023-05-30T09:12:54","guid":{"rendered":"http:\/\/aiba.lt\/?page_id=637"},"modified":"2024-04-29T08:14:36","modified_gmt":"2024-04-29T08:14:36","slug":"ekspertu-komanda","status":"publish","type":"page","link":"https:\/\/aiba.lt\/en\/ekspertu-komanda\/","title":{"rendered":"Expert team"},"content":{"rendered":"<p>[et_pb_section fb_built=&#8221;1&#8243; specialty=&#8221;on&#8221; disabled_on=&#8221;on|on|off&#8221; _builder_version=&#8221;4.6.0&#8243; _module_preset=&#8221;default&#8221; background_image=&#8221;http:\/\/aiba.lt\/wp-content\/uploads\/2022\/12\/adman-bg-gold3.jpg&#8221; custom_padding=&#8221;3px||4px|||&#8221; da_disable_devices=&#8221;off|off|off&#8221; box_shadow_style=&#8221;preset3&#8243; box_shadow_blur=&#8221;23px&#8221; box_shadow_spread=&#8221;-9px&#8221; box_shadow_color=&#8221;rgba(0,0,0,0.12)&#8221; da_is_popup=&#8221;off&#8221; da_exit_intent=&#8221;off&#8221; da_has_close=&#8221;on&#8221; da_alt_close=&#8221;off&#8221; da_dark_close=&#8221;off&#8221; da_not_modal=&#8221;on&#8221; da_is_singular=&#8221;off&#8221; da_with_loader=&#8221;off&#8221; da_has_shadow=&#8221;on&#8221;][et_pb_column type=&#8221;1_3&#8243; _builder_version=&#8221;3.25&#8243; custom_padding=&#8221;|||&#8221; custom_padding__hover=&#8221;|||&#8221;][et_pb_image src=&#8221;http:\/\/aiba.lt\/wp-content\/uploads\/2023\/05\/Komanda.png&#8221; title_text=&#8221;Komanda&#8221; _builder_version=&#8221;4.6.0&#8243; _module_preset=&#8221;default&#8221; width=&#8221;100%&#8221;][\/et_pb_image][\/et_pb_column][et_pb_column type=&#8221;2_3&#8243; specialty_columns=&#8221;2&#8243; _builder_version=&#8221;3.25&#8243; custom_padding=&#8221;|||&#8221; custom_padding__hover=&#8221;|||&#8221;][et_pb_row_inner _builder_version=&#8221;4.6.0&#8243; _module_preset=&#8221;default&#8221; custom_padding=&#8221;63px|||||&#8221;][et_pb_column_inner saved_specialty_column_type=&#8221;2_3&#8243; _builder_version=&#8221;4.6.0&#8243; _module_preset=&#8221;default&#8221;][dnxte_button button_text=&#8221;Go back&#8221; button_link=&#8221;http:\/\/aiba.lt&#8221; dnxt_button_alignment=&#8221;right&#8221; btn_show_hide=&#8221;off&#8221; dnxt_hover_2d=&#8221;dnxt-hover-shrink&#8221; dnxt_hover_bg_color=&#8221;#9e7f3c&#8221; _builder_version=&#8221;4.6.0&#8243; _module_preset=&#8221;default&#8221; btn_fonts_font=&#8221;Montserrata regular||||||||&#8221; btn_fonts_text_color=&#8221;#ffffff&#8221; btn_fonts_font_size=&#8221;16px&#8221; background_color=&#8221;#275e3c&#8221; custom_margin=&#8221;||||false|false&#8221; custom_padding=&#8221;2px|20px|2px|20px|false|false&#8221; border_radii_btn_border=&#8221;on|55px|55px|55px|55px&#8221;][\/dnxte_button][\/et_pb_column_inner][\/et_pb_row_inner][\/et_pb_column][\/et_pb_section][et_pb_section fb_built=&#8221;1&#8243; disabled_on=&#8221;off|off|on&#8221; _builder_version=&#8221;4.6.0&#8243; _module_preset=&#8221;default&#8221; custom_padding=&#8221;1px||5px|||&#8221; da_disable_devices=&#8221;off|off|off&#8221; da_is_popup=&#8221;off&#8221; da_exit_intent=&#8221;off&#8221; da_has_close=&#8221;on&#8221; da_alt_close=&#8221;off&#8221; da_dark_close=&#8221;off&#8221; da_not_modal=&#8221;on&#8221; da_is_singular=&#8221;off&#8221; da_with_loader=&#8221;off&#8221; da_has_shadow=&#8221;on&#8221;][et_pb_row _builder_version=&#8221;4.6.0&#8243; _module_preset=&#8221;default&#8221; custom_padding=&#8221;||13px|||&#8221;][et_pb_column type=&#8221;4_4&#8243; _builder_version=&#8221;4.6.0&#8243; _module_preset=&#8221;default&#8221;][et_pb_menu menu_id=&#8221;11&#8243; active_link_color=&#8221;#1a1a1a&#8221; dropdown_menu_line_color=&#8221;rgba(0,0,0,0)&#8221; mobile_menu_bg_color=&#8221;#ffffff&#8221; mobile_menu_text_color=&#8221;#1a1a1a&#8221; logo=&#8221;http:\/\/aiba.lt\/wp-content\/uploads\/2023\/05\/Komanda.png&#8221; menu_icon_color=&#8221;#275e3c&#8221; logo_max_width_tablet=&#8221;65%&#8221; logo_max_width_phone=&#8221;&#8221; logo_max_width_last_edited=&#8221;on|tablet&#8221; _builder_version=&#8221;4.6.0&#8243; _module_preset=&#8221;default&#8221; menu_font=&#8221;Montserrata regular|||||on|||&#8221; menu_text_color=&#8221;#1a1a1a&#8221; background_enable_color=&#8221;off&#8221;][\/et_pb_menu][\/et_pb_column][\/et_pb_row][\/et_pb_section][et_pb_section fb_built=&#8221;1&#8243; _builder_version=&#8221;4.6.0&#8243; _module_preset=&#8221;default&#8221; background_color=&#8221;#ffffff&#8221; background_enable_image=&#8221;off&#8221; custom_padding=&#8221;||105px|||&#8221; da_disable_devices=&#8221;off|off|off&#8221; da_is_popup=&#8221;off&#8221; da_exit_intent=&#8221;off&#8221; da_has_close=&#8221;on&#8221; da_alt_close=&#8221;off&#8221; da_dark_close=&#8221;off&#8221; da_not_modal=&#8221;on&#8221; da_is_singular=&#8221;off&#8221; da_with_loader=&#8221;off&#8221; da_has_shadow=&#8221;on&#8221;][et_pb_row column_structure=&#8221;1_2,1_2&#8243; _builder_version=&#8221;4.6.0&#8243; _module_preset=&#8221;default&#8221; custom_padding=&#8221;||96px|||&#8221;][et_pb_column type=&#8221;1_2&#8243; _builder_version=&#8221;4.6.0&#8243; _module_preset=&#8221;default&#8221;][et_pb_image src=&#8221;http:\/\/aiba.lt\/wp-content\/uploads\/2023\/08\/Alina-for-web.png&#8221; title_text=&#8221;Alina-for-web&#8221; _builder_version=&#8221;4.6.0&#8243; _module_preset=&#8221;default&#8221;][\/et_pb_image][\/et_pb_column][et_pb_column type=&#8221;1_2&#8243; _builder_version=&#8221;4.6.0&#8243; _module_preset=&#8221;default&#8221;][et_pb_text _builder_version=&#8221;4.6.0&#8243; _module_preset=&#8221;default&#8221; text_font=&#8221;Montserrata regular|||||on|||&#8221; text_text_color=&#8221;#9e7f3c&#8221; text_font_size=&#8221;22px&#8221; text_line_height=&#8221;1.2em&#8221; width=&#8221;100%&#8221; module_alignment=&#8221;left&#8221; custom_margin=&#8221;83px||7px||false|false&#8221; custom_margin_tablet=&#8221;10px||||false|false&#8221; custom_margin_phone=&#8221;10px||7px||false|false&#8221; custom_margin_last_edited=&#8221;on|phone&#8221; custom_padding=&#8221;|||4px|false|false&#8221;]<\/p>\n<p>Klubo prezident\u0117<br style=\"font-weight: 400;\" \/><\/p>\n<p>[\/et_pb_text][et_pb_image src=&#8221;http:\/\/aiba.lt\/wp-content\/uploads\/2022\/12\/line.png&#8221; title_text=&#8221;line&#8221; _builder_version=&#8221;4.6.0&#8243; _module_preset=&#8221;default&#8221; custom_margin=&#8221;-4px||17px|||&#8221; custom_padding=&#8221;9px|||||&#8221;][\/et_pb_image][et_pb_text _builder_version=&#8221;4.6.0&#8243; _module_preset=&#8221;default&#8221; text_font=&#8221;Montserrata regular|||||on|||&#8221; text_text_color=&#8221;#1a1a1a&#8221; text_font_size=&#8221;30px&#8221; text_line_height=&#8221;1.2em&#8221; width=&#8221;80%&#8221; module_alignment=&#8221;left&#8221; custom_margin=&#8221;-4px||28px|||&#8221; text_font_size_tablet=&#8221;&#8221; text_font_size_phone=&#8221;26px&#8221; text_font_size_last_edited=&#8221;on|phone&#8221;]Alina Adomaityt\u0117[\/et_pb_text][et_pb_text _builder_version=&#8221;4.6.0&#8243; _module_preset=&#8221;default&#8221; text_font=&#8221;Montserrata Light||||||||&#8221; text_text_color=&#8221;#1a1a1a&#8221; text_font_size=&#8221;20px&#8221; text_line_height=&#8221;1.2em&#8221; width=&#8221;100%&#8221; module_alignment=&#8221;left&#8221; hover_enabled=&#8221;0&#8243; sticky_enabled=&#8221;0&#8243;]<\/p>\n<p><span style=\"font-weight: 400;\">Alina Adomaityt\u0117 yra \u201eDeiv\u0117s\u201c krep\u0161inio klubo \u012fk\u016br\u0117ja ir prezident\u0117.<\/span><\/p>\n<p>Alina yra oficiali 2027 m. FIBA Europos moter\u0173 krep\u0161inio \u010dempionato ambasador\u0117<\/p>\n<p><span style=\"font-weight: 400;\">Buvusi profesionali krep\u0161inink\u0117, Alina taip pat yra keturi\u0173 sporto \u0161ak\u0173 (futbolo, bokso, sunkiosios atletikos ir jojimo sporto) nacionalin\u0117s rinktin\u0117s prizinink\u0117. Alina yra atsakinga u\u017e krep\u0161inio akademijos AIBA program\u0105 ir pl\u0117tr\u0105.<\/span><\/p>\n<p>[\/et_pb_text][\/et_pb_column][\/et_pb_row][et_pb_row column_structure=&#8221;1_2,1_2&#8243; _builder_version=&#8221;4.6.0&#8243; _module_preset=&#8221;default&#8221; custom_padding=&#8221;||96px|||&#8221;][et_pb_column type=&#8221;1_2&#8243; _builder_version=&#8221;4.6.0&#8243; _module_preset=&#8221;default&#8221;][et_pb_image src=&#8221;http:\/\/aiba.lt\/wp-content\/uploads\/2023\/09\/Arnas-for-web1-copy.png&#8221; title_text=&#8221;Arnas-for-web1 copy&#8221; _builder_version=&#8221;4.6.0&#8243; _module_preset=&#8221;default&#8221;][\/et_pb_image][\/et_pb_column][et_pb_column type=&#8221;1_2&#8243; _builder_version=&#8221;4.6.0&#8243; _module_preset=&#8221;default&#8221;][et_pb_text _builder_version=&#8221;4.6.0&#8243; _module_preset=&#8221;default&#8221; text_font=&#8221;Montserrata regular|||||on|||&#8221; text_text_color=&#8221;#9e7f3c&#8221; text_font_size=&#8221;22px&#8221; text_line_height=&#8221;1.2em&#8221; width=&#8221;100%&#8221; module_alignment=&#8221;left&#8221; custom_margin=&#8221;83px||7px||false|false&#8221; custom_margin_tablet=&#8221;10px||||false|false&#8221; custom_margin_phone=&#8221;10px||7px||false|false&#8221; custom_margin_last_edited=&#8221;on|phone&#8221; custom_padding=&#8221;|||4px|false|false&#8221;]<\/p>\n<p>Komandos vadovas<\/p>\n<p>[\/et_pb_text][et_pb_image src=&#8221;http:\/\/aiba.lt\/wp-content\/uploads\/2022\/12\/line.png&#8221; title_text=&#8221;line&#8221; _builder_version=&#8221;4.6.0&#8243; _module_preset=&#8221;default&#8221; custom_margin=&#8221;-4px||17px|||&#8221; custom_padding=&#8221;9px|||||&#8221;][\/et_pb_image][et_pb_text _builder_version=&#8221;4.6.0&#8243; _module_preset=&#8221;default&#8221; text_font=&#8221;Montserrata regular|||||on|||&#8221; text_text_color=&#8221;#1a1a1a&#8221; text_font_size=&#8221;30px&#8221; text_line_height=&#8221;1.2em&#8221; width=&#8221;80%&#8221; module_alignment=&#8221;left&#8221; custom_margin=&#8221;-4px||28px|||&#8221; text_font_size_tablet=&#8221;&#8221; text_font_size_phone=&#8221;26px&#8221; text_font_size_last_edited=&#8221;on|phone&#8221;]Arnas Argustas[\/et_pb_text][et_pb_text _builder_version=&#8221;4.6.0&#8243; _module_preset=&#8221;default&#8221; text_font=&#8221;Montserrata Light||||||||&#8221; text_text_color=&#8221;#1a1a1a&#8221; text_font_size=&#8221;20px&#8221; text_line_height=&#8221;1.2em&#8221; width=&#8221;100%&#8221; module_alignment=&#8221;left&#8221;]<\/p>\n<p><span style=\"font-weight: 400;\">Arnas Argustas yra BC \u201eDeiv\u0117s\u201c komandos vadovas, turintis daugiau nei 20 met\u0173 patirt\u012f \u0161vietimo ir sporto vadybos srityse. RKL krep\u0161inio komandos \u201eSC-Ateitis\u201c \u012fk\u016br\u0117jas ir vadovas. Arnas atsakingas u\u017e skaidr\u0173 ir kokybi\u0161k\u0105 klubo darb\u0105.<\/span><br style=\"font-weight: 400;\" \/><\/p>\n<p>[\/et_pb_text][\/et_pb_column][\/et_pb_row][et_pb_row column_structure=&#8221;1_2,1_2&#8243; _builder_version=&#8221;4.6.0&#8243; _module_preset=&#8221;default&#8221; custom_padding=&#8221;||96px|||&#8221;][et_pb_column type=&#8221;1_2&#8243; _builder_version=&#8221;4.6.0&#8243; _module_preset=&#8221;default&#8221;][et_pb_image src=&#8221;http:\/\/aiba.lt\/wp-content\/uploads\/2023\/08\/Aurimas-for-web.png&#8221; title_text=&#8221;Aurimas-for-web&#8221; _builder_version=&#8221;4.6.0&#8243; _module_preset=&#8221;default&#8221;][\/et_pb_image][\/et_pb_column][et_pb_column type=&#8221;1_2&#8243; _builder_version=&#8221;4.6.0&#8243; _module_preset=&#8221;default&#8221;][et_pb_text _builder_version=&#8221;4.6.0&#8243; _module_preset=&#8221;default&#8221; text_font=&#8221;Montserrata regular|||||on|||&#8221; text_text_color=&#8221;#9e7f3c&#8221; text_font_size=&#8221;22px&#8221; text_line_height=&#8221;1.2em&#8221; width=&#8221;100%&#8221; module_alignment=&#8221;left&#8221; custom_margin=&#8221;83px||7px||false|false&#8221; custom_margin_tablet=&#8221;10px||||false|false&#8221; custom_margin_phone=&#8221;10px||7px||false|false&#8221; custom_margin_last_edited=&#8221;on|phone&#8221; custom_padding=&#8221;|||4px|false|false&#8221;]<\/p>\n<p>Vyriausiasis treneris<br style=\"font-weight: 400;\" \/><\/p>\n<p>[\/et_pb_text][et_pb_image src=&#8221;http:\/\/aiba.lt\/wp-content\/uploads\/2022\/12\/line.png&#8221; title_text=&#8221;line&#8221; _builder_version=&#8221;4.6.0&#8243; _module_preset=&#8221;default&#8221; custom_margin=&#8221;-4px||17px|||&#8221; custom_padding=&#8221;9px|||||&#8221;][\/et_pb_image][et_pb_text _builder_version=&#8221;4.6.0&#8243; _module_preset=&#8221;default&#8221; text_font=&#8221;Montserrata regular|||||on|||&#8221; text_text_color=&#8221;#1a1a1a&#8221; text_font_size=&#8221;30px&#8221; text_line_height=&#8221;1.2em&#8221; width=&#8221;80%&#8221; module_alignment=&#8221;left&#8221; custom_margin=&#8221;-4px||28px|||&#8221; text_font_size_tablet=&#8221;&#8221; text_font_size_phone=&#8221;26px&#8221; text_font_size_last_edited=&#8221;on|phone&#8221;]Aurimas Andru\u0161aitis[\/et_pb_text][et_pb_text _builder_version=&#8221;4.6.0&#8243; _module_preset=&#8221;default&#8221; text_font=&#8221;Montserrata Light||||||||&#8221; text_text_color=&#8221;#1a1a1a&#8221; text_font_size=&#8221;20px&#8221; text_line_height=&#8221;1.2em&#8221; width=&#8221;100%&#8221; module_alignment=&#8221;left&#8221;]<\/p>\n<p><span style=\"font-weight: 400;\">Aurimas Andru\u0161aitis \u2013 profesionalus krep\u0161inio treneris, patyr\u0119s strategas, turintis ilgamet\u0119 darbo su \u012fvairaus am\u017eiaus krep\u0161inio komandomis patirt\u012f. Nuo 2016 m. jis u\u017eima Pakruojo krep\u0161inio klubo vyriausiojo trenerio pareigas. Aurimas yra atsakingas u\u017e BC \u201eDeiv\u0117s\u201c komandos treniravim\u0105.<\/span><br style=\"font-weight: 400;\" \/><\/p>\n<p>[\/et_pb_text][\/et_pb_column][\/et_pb_row][et_pb_row column_structure=&#8221;1_2,1_2&#8243; _builder_version=&#8221;4.6.0&#8243; _module_preset=&#8221;default&#8221;][et_pb_column type=&#8221;1_2&#8243; _builder_version=&#8221;4.6.0&#8243; _module_preset=&#8221;default&#8221;][et_pb_image src=&#8221;http:\/\/aiba.lt\/wp-content\/uploads\/2023\/08\/Tomaz-for-web.png&#8221; title_text=&#8221;Tomaz-for-web&#8221; _builder_version=&#8221;4.6.0&#8243; _module_preset=&#8221;default&#8221;][\/et_pb_image][\/et_pb_column][et_pb_column type=&#8221;1_2&#8243; _builder_version=&#8221;4.6.0&#8243; _module_preset=&#8221;default&#8221;][et_pb_text _builder_version=&#8221;4.6.0&#8243; _module_preset=&#8221;default&#8221; text_font=&#8221;Montserrata regular|||||on|||&#8221; text_text_color=&#8221;#9e7f3c&#8221; text_font_size=&#8221;22px&#8221; text_line_height=&#8221;1.2em&#8221; width=&#8221;100%&#8221; module_alignment=&#8221;left&#8221; custom_margin=&#8221;83px||7px||false|false&#8221; custom_margin_tablet=&#8221;10px||||false|false&#8221; custom_margin_phone=&#8221;10px||7px||false|false&#8221; custom_margin_last_edited=&#8221;on|phone&#8221; custom_padding=&#8221;|||4px|false|false&#8221;]<\/p>\n<p>Fizinio parengimo vyr. treneris<br style=\"font-weight: 400;\" \/><\/p>\n<p>[\/et_pb_text][et_pb_image src=&#8221;http:\/\/aiba.lt\/wp-content\/uploads\/2022\/12\/line.png&#8221; title_text=&#8221;line&#8221; _builder_version=&#8221;4.6.0&#8243; _module_preset=&#8221;default&#8221; custom_margin=&#8221;-4px||17px|||&#8221; custom_padding=&#8221;9px|||||&#8221;][\/et_pb_image][et_pb_text _builder_version=&#8221;4.6.0&#8243; _module_preset=&#8221;default&#8221; text_font=&#8221;Montserrata regular|||||on|||&#8221; text_text_color=&#8221;#1a1a1a&#8221; text_font_size=&#8221;30px&#8221; text_line_height=&#8221;1.2em&#8221; width=&#8221;80%&#8221; module_alignment=&#8221;left&#8221; custom_margin=&#8221;-4px||28px|||&#8221; text_font_size_tablet=&#8221;&#8221; text_font_size_phone=&#8221;26px&#8221; text_font_size_last_edited=&#8221;on|phone&#8221;]<\/p>\n<p>Toma\u017e Brinec<\/p>\n<p>[\/et_pb_text][et_pb_text _builder_version=&#8221;4.6.0&#8243; _module_preset=&#8221;default&#8221; text_font=&#8221;Montserrata Light||||||||&#8221; text_text_color=&#8221;#1a1a1a&#8221; text_font_size=&#8221;20px&#8221; text_line_height=&#8221;1.2em&#8221; width=&#8221;100%&#8221; module_alignment=&#8221;left&#8221;]<\/p>\n<p><span style=\"font-weight: 400;\">Tomaz Brinec yra j\u0117gos ir fizinio parengimo treneris. Ilgametis Slov\u0117nijos ir Serbijos vyr\u0173 ir moter\u0173 krep\u0161inio rinktini\u0173 narys, taip pat \u201eBC Rytas\u201c komandos narys. Dabartinis Kinijos krep\u0161inio klubo \u201eKK Dahua Shanghai\u201c fizinio rengimo treneris. Tomaz dirba naudodamas tensiomiografijos raumen\u0173 disbalanso metod\u0105 sportinink\u0173 fizinei b\u016bklei analizuoti.<\/span><\/p>\n<p>[\/et_pb_text][\/et_pb_column][\/et_pb_row][et_pb_row column_structure=&#8221;1_2,1_2&#8243; _builder_version=&#8221;4.6.0&#8243; _module_preset=&#8221;default&#8221; custom_margin=&#8221;72px|auto||auto||&#8221;][et_pb_column type=&#8221;1_2&#8243; _builder_version=&#8221;4.6.0&#8243; _module_preset=&#8221;default&#8221;][et_pb_image src=&#8221;http:\/\/aiba.lt\/wp-content\/uploads\/2024\/01\/Deimantas.png&#8221; title_text=&#8221;Deimantas&#8221; _builder_version=&#8221;4.6.0&#8243; _module_preset=&#8221;default&#8221; width=&#8221;83%&#8221;][\/et_pb_image][\/et_pb_column][et_pb_column type=&#8221;1_2&#8243; _builder_version=&#8221;4.6.0&#8243; _module_preset=&#8221;default&#8221;][et_pb_text _builder_version=&#8221;4.6.0&#8243; _module_preset=&#8221;default&#8221; text_font=&#8221;Montserrata regular|||||on|||&#8221; text_text_color=&#8221;#9e7f3c&#8221; text_font_size=&#8221;22px&#8221; text_line_height=&#8221;1.2em&#8221; width=&#8221;100%&#8221; module_alignment=&#8221;left&#8221; custom_margin=&#8221;83px||7px||false|false&#8221; custom_margin_tablet=&#8221;10px||||false|false&#8221; custom_margin_phone=&#8221;10px||7px||false|false&#8221; custom_margin_last_edited=&#8221;on|phone&#8221; custom_padding=&#8221;|||4px|false|false&#8221;]<\/p>\n<p>Antros komandos treneris<\/p>\n<p>[\/et_pb_text][et_pb_image src=&#8221;http:\/\/aiba.lt\/wp-content\/uploads\/2022\/12\/line.png&#8221; title_text=&#8221;line&#8221; _builder_version=&#8221;4.6.0&#8243; _module_preset=&#8221;default&#8221; custom_margin=&#8221;-4px||17px|||&#8221; custom_padding=&#8221;9px|||||&#8221;][\/et_pb_image][et_pb_text _builder_version=&#8221;4.6.0&#8243; _module_preset=&#8221;default&#8221; text_font=&#8221;Montserrata regular|||||on|||&#8221; text_text_color=&#8221;#1a1a1a&#8221; text_font_size=&#8221;30px&#8221; text_line_height=&#8221;1.2em&#8221; width=&#8221;80%&#8221; module_alignment=&#8221;left&#8221; custom_margin=&#8221;-4px||28px|||&#8221; text_font_size_tablet=&#8221;&#8221; text_font_size_phone=&#8221;26px&#8221; text_font_size_last_edited=&#8221;on|phone&#8221;]<\/p>\n<p>Deimantas Vailionis<\/p>\n<p>[\/et_pb_text][et_pb_text _builder_version=&#8221;4.6.0&#8243; _module_preset=&#8221;default&#8221; text_font=&#8221;Montserrata Light||||||||&#8221; text_text_color=&#8221;#1a1a1a&#8221; text_font_size=&#8221;20px&#8221; text_line_height=&#8221;1.2em&#8221; width=&#8221;100%&#8221; module_alignment=&#8221;left&#8221;]<\/p>\n<p>Deimantas yra patyr\u0119s krep\u0161inio ir individuali\u0173 \u012fg\u016b\u017ei\u0173 treneris, buv\u0119s Vilniaus \u201cRyto-MRU\u201d trenerio asistentas, nuo 2021 m. dirbantis \u201cSostin\u0117s krep\u0161inio mokykloje\u201d bei \u201c\u012eg\u016bd\u017ei\u0173 akademijoje\u201d. Su \u012fvairiais projektais keliav\u0119s po Lietuv\u0105, ved\u0119s daug individuali\u0173 ir komandini\u0173 treniruo\u010di\u0173, dirb\u0119s su auk\u0161to meistri\u0161kumo \u017eaid\u0117jais, Deimantas puikiai \u017eino, kaip efektyviai tobulinti krep\u0161inio \u017eaid\u0117j\u0173 \u012fg\u016bd\u017eius. Deimantas treniruoja jaunesni\u0173j\u0173 \u201cDeivi\u0173\u201d komand\u0105.<\/p>\n<p>[\/et_pb_text][\/et_pb_column][\/et_pb_row][\/et_pb_section]<\/p>\n","protected":false},"excerpt":{"rendered":"<p>[et_pb_section fb_built=&#8221;1&#8243; specialty=&#8221;on&#8221; disabled_on=&#8221;on|on|off&#8221; _builder_version=&#8221;4.6.0&#8243; _module_preset=&#8221;default&#8221; background_image=&#8221;http:\/\/aiba.lt\/wp-content\/uploads\/2022\/12\/adman-bg-gold3.jpg&#8221; custom_padding=&#8221;3px||4px|||&#8221; da_disable_devices=&#8221;off|off|off&#8221; box_shadow_style=&#8221;preset3&#8243; box_shadow_blur=&#8221;23px&#8221; box_shadow_spread=&#8221;-9px&#8221; box_shadow_color=&#8221;rgba(0,0,0,0.12)&#8221; da_is_popup=&#8221;off&#8221; da_exit_intent=&#8221;off&#8221; da_has_close=&#8221;on&#8221; da_alt_close=&#8221;off&#8221; da_dark_close=&#8221;off&#8221; da_not_modal=&#8221;on&#8221; da_is_singular=&#8221;off&#8221; da_with_loader=&#8221;off&#8221; da_has_shadow=&#8221;on&#8221;][et_pb_column type=&#8221;1_3&#8243; _builder_version=&#8221;3.25&#8243; custom_padding=&#8221;|||&#8221; custom_padding__hover=&#8221;|||&#8221;][et_pb_image src=&#8221;http:\/\/aiba.lt\/wp-content\/uploads\/2023\/05\/Komanda.png&#8221; title_text=&#8221;Komanda&#8221; _builder_version=&#8221;4.6.0&#8243; _module_preset=&#8221;default&#8221; width=&#8221;100%&#8221;][\/et_pb_image][\/et_pb_column][et_pb_column type=&#8221;2_3&#8243; specialty_columns=&#8221;2&#8243; _builder_version=&#8221;3.25&#8243; custom_padding=&#8221;|||&#8221; custom_padding__hover=&#8221;|||&#8221;][et_pb_row_inner _builder_version=&#8221;4.6.0&#8243; _module_preset=&#8221;default&#8221; custom_padding=&#8221;63px|||||&#8221;][et_pb_column_inner saved_specialty_column_type=&#8221;2_3&#8243; _builder_version=&#8221;4.6.0&#8243; _module_preset=&#8221;default&#8221;][dnxte_button button_text=&#8221;Go back&#8221; button_link=&#8221;http:\/\/aiba.lt&#8221; dnxt_button_alignment=&#8221;right&#8221; btn_show_hide=&#8221;off&#8221; dnxt_hover_2d=&#8221;dnxt-hover-shrink&#8221; dnxt_hover_bg_color=&#8221;#9e7f3c&#8221; _builder_version=&#8221;4.6.0&#8243; _module_preset=&#8221;default&#8221; btn_fonts_font=&#8221;Montserrata regular||||||||&#8221; btn_fonts_text_color=&#8221;#ffffff&#8221; btn_fonts_font_size=&#8221;16px&#8221; [&hellip;]<\/p>\n","protected":false},"author":1,"featured_media":0,"parent":0,"menu_order":0,"comment_status":"closed","ping_status":"closed","template":"","meta":{"_et_pb_use_builder":"on","_et_pb_old_content":"","_et_gb_content_width":"","footnotes":""},"_links":{"self":[{"href":"https:\/\/aiba.lt\/en\/wp-json\/wp\/v2\/pages\/637"}],"collection":[{"href":"https:\/\/aiba.lt\/en\/wp-json\/wp\/v2\/pages"}],"about":[{"href":"https:\/\/aiba.lt\/en\/wp-json\/wp\/v2\/types\/page"}],"author":[{"embeddable":true,"href":"https:\/\/aiba.lt\/en\/wp-json\/wp\/v2\/users\/1"}],"replies":[{"embeddable":true,"href":"https:\/\/aiba.lt\/en\/wp-json\/wp\/v2\/comments?post=637"}],"version-history":[{"count":16,"href":"https:\/\/aiba.lt\/en\/wp-json\/wp\/v2\/pages\/637\/revisions"}],"predecessor-version":[{"id":335462,"href":"https:\/\/aiba.lt\/en\/wp-json\/wp\/v2\/pages\/637\/revisions\/335462"}],"wp:attachment":[{"href":"https:\/\/aiba.lt\/en\/wp-json\/wp\/v2\/media?parent=637"}],"curies":[{"name":"wp","href":"https:\/\/api.w.org\/{rel}","templated":true}]}}